{"id":4419,"date":"2025-01-06T18:08:15","date_gmt":"2025-01-06T18:08:15","guid":{"rendered":"https:\/\/doctorwhokomplett.de\/?page_id=4419"},"modified":"2025-01-12T15:41:48","modified_gmt":"2025-01-12T15:41:48","slug":"weitere-doktoren-auf-deutsch","status":"publish","type":"page","link":"https:\/\/doctorwhokomplett.de\/en\/weitere-doktoren-auf-deutsch\/","title":{"rendered":"More Doctors in German"},"content":{"rendered":"<div data-elementor-type=\"wp-page\" data-elementor-id=\"4419\" class=\"elementor elementor-4419\">\n\t\t\t\t<div class=\"elementor-element elementor-element-cc66a6a e-flex e-con-boxed e-con e-parent\" data-id=\"cc66a6a\" data-element_type=\"container\" data-e-type=\"container\">\n\t\t\t\t\t<div class=\"e-con-inner\">\n\t\t\t\t<div class=\"elementor-element elementor-element-15d8899 elementor-widget elementor-widget-image\" data-id=\"15d8899\" data-element_type=\"widget\" data-e-type=\"widget\" data-widget_type=\"image.default\">\n\t\t\t\t\t\t\t\t\t\t\t\t\t\t\t<img fetchpriority=\"high\" decoding=\"async\" width=\"1024\" height=\"576\" src=\"https:\/\/doctorwhokomplett.de\/wp-content\/uploads\/2025\/01\/alt-doctors-1024x576.jpg\" class=\"attachment-large size-large wp-image-4464\" alt=\"\" srcset=\"https:\/\/doctorwhokomplett.de\/wp-content\/uploads\/2025\/01\/alt-doctors-1024x576.jpg 1024w, https:\/\/doctorwhokomplett.de\/wp-content\/uploads\/2025\/01\/alt-doctors-300x169.jpg 300w, https:\/\/doctorwhokomplett.de\/wp-content\/uploads\/2025\/01\/alt-doctors-768x432.jpg 768w, https:\/\/doctorwhokomplett.de\/wp-content\/uploads\/2025\/01\/alt-doctors-1536x864.jpg 1536w, https:\/\/doctorwhokomplett.de\/wp-content\/uploads\/2025\/01\/alt-doctors-2048x1152.jpg 2048w, https:\/\/doctorwhokomplett.de\/wp-content\/uploads\/2025\/01\/alt-doctors-18x10.jpg 18w\" sizes=\"(max-width: 1024px) 100vw, 1024px\" \/>\t\t\t\t\t\t\t\t\t\t\t\t\t\t\t<\/div>\n\t\t\t\t\t<\/div>\n\t\t\t\t<\/div>\n\t\t<div class=\"elementor-element elementor-element-76acf46 e-flex e-con-boxed e-con e-parent\" data-id=\"76acf46\" data-element_type=\"container\" data-e-type=\"container\">\n\t\t\t\t\t<div class=\"e-con-inner\">\n\t\t<div class=\"elementor-element elementor-element-33a2166 e-con-full e-flex e-con e-child\" data-id=\"33a2166\" data-element_type=\"container\" data-e-type=\"container\">\n\t\t\t\t<div class=\"elementor-element elementor-element-db15767 elementor-hidden-mobile elementor-widget elementor-widget-button\" data-id=\"db15767\" data-element_type=\"widget\" data-e-type=\"widget\" data-widget_type=\"button.default\">\n\t\t\t\t\t\t\t\t\t\t<a class=\"elementor-button elementor-button-link elementor-size-sm\" href=\"\/en\/fuenfzehnter-doctor-auf-deutsch\/\">\n\t\t\t\t\t\t<span class=\"elementor-button-content-wrapper\">\n\t\t\t\t\t\t<span class=\"elementor-button-icon\">\n\t\t\t\t<svg aria-hidden=\"true\" class=\"e-font-icon-svg e-far-arrow-alt-circle-left\" viewbox=\"0 0 512 512\" xmlns=\"http:\/\/www.w3.org\/2000\/svg\"><path d=\"M8 256c0 137 111 248 248 248s248-111 248-248S393 8 256 8 8 119 8 256zm448 0c0 110.5-89.5 200-200 200S56 366.5 56 256 145.5 56 256 56s200 89.5 200 200zm-72-20v40c0 6.6-5.4 12-12 12H256v67c0 10.7-12.9 16-20.5 8.5l-99-99c-4.7-4.7-4.7-12.3 0-17l99-99c7.6-7.6 20.5-2.2 20.5 8.5v67h116c6.6 0 12 5.4 12 12z\"><\/path><\/svg>\t\t\t<\/span>\n\t\t\t\t\t\t\t\t\t<span class=\"elementor-button-text\">Fifteenth Doctor<\/span>\n\t\t\t\t\t<\/span>\n\t\t\t\t\t<\/a>\n\t\t\t\t\t\t\t\t<\/div>\n\t\t\t\t<\/div>\n\t\t<div class=\"elementor-element elementor-element-0dffffa e-con-full e-flex e-con e-child\" data-id=\"0dffffa\" data-element_type=\"container\" data-e-type=\"container\">\n\t\t\t\t<div class=\"elementor-element elementor-element-ad6d2f1 elementor-widget elementor-widget-heading\" data-id=\"ad6d2f1\" data-element_type=\"widget\" data-e-type=\"widget\" data-widget_type=\"heading.default\">\n\t\t\t\t\t<h2 class=\"elementor-heading-title elementor-size-default\">More Doctors in German<\/h2>\t\t\t\t<\/div>\n\t\t\t\t<div class=\"elementor-element elementor-element-56a4e68 elementor-widget elementor-widget-text-editor\" data-id=\"56a4e68\" data-element_type=\"widget\" data-e-type=\"widget\" data-widget_type=\"text-editor.default\">\n\t\t\t\t\t\t\t\t\t<p style=\"text-align: center;\">Besides the well known Main-Incarnations of the Doctor there are more which have a Special Status to them. This includes Manifestations of the Doctors Personality, like regular Incarnations of the Character which got a special position.<\/p><p style=\"text-align: center;\">Here you will find only the Incarnations of the Doctor which are available in German or are Relevant to German Releases. Incarnations which do not appear in German Releases or are not mentioned are therefore not listed here.<\/p><p style=\"text-align: center;\">Click on the Pictures to get to the German Products in which they appear.<\/p>\t\t\t\t\t\t\t\t<\/div>\n\t\t\t\t<div class=\"elementor-element elementor-element-8a46ce0 elementor-widget elementor-widget-spacer\" data-id=\"8a46ce0\" data-element_type=\"widget\" data-e-type=\"widget\" data-widget_type=\"spacer.default\">\n\t\t\t\t\t\t\t<div class=\"elementor-spacer\">\n\t\t\t<div class=\"elementor-spacer-inner\"><\/div>\n\t\t<\/div>\n\t\t\t\t\t\t<\/div>\n\t\t\t\t<\/div>\n\t\t<div class=\"elementor-element elementor-element-840dfbf e-con-full e-flex e-con e-child\" data-id=\"840dfbf\" data-element_type=\"container\" data-e-type=\"container\">\n\t\t\t\t<div class=\"elementor-element elementor-element-68714fb elementor-align-right elementor-hidden-mobile elementor-widget elementor-widget-button\" data-id=\"68714fb\" data-element_type=\"widget\" data-e-type=\"widget\" data-widget_type=\"button.default\">\n\t\t\t\t\t\t\t\t\t\t<a class=\"elementor-button elementor-button-link elementor-size-sm\" href=\"\/en\/anthologien-auf-deutsch\/\">\n\t\t\t\t\t\t<span class=\"elementor-button-content-wrapper\">\n\t\t\t\t\t\t<span class=\"elementor-button-icon\">\n\t\t\t\t<svg aria-hidden=\"true\" class=\"e-font-icon-svg e-far-arrow-alt-circle-right\" viewbox=\"0 0 512 512\" xmlns=\"http:\/\/www.w3.org\/2000\/svg\"><path d=\"M504 256C504 119 393 8 256 8S8 119 8 256s111 248 248 248 248-111 248-248zm-448 0c0-110.5 89.5-200 200-200s200 89.5 200 200-89.5 200-200 200S56 366.5 56 256zm72 20v-40c0-6.6 5.4-12 12-12h116v-67c0-10.7 12.9-16 20.5-8.5l99 99c4.7 4.7 4.7 12.3 0 17l-99 99c-7.6 7.6-20.5 2.2-20.5-8.5v-67H140c-6.6 0-12-5.4-12-12z\"><\/path><\/svg>\t\t\t<\/span>\n\t\t\t\t\t\t\t\t\t<span class=\"elementor-button-text\">Anthologies<\/span>\n\t\t\t\t\t<\/span>\n\t\t\t\t\t<\/a>\n\t\t\t\t\t\t\t\t<\/div>\n\t\t\t\t<\/div>\n\t\t\t\t\t<\/div>\n\t\t\t\t<\/div>\n\t\t<div class=\"elementor-element elementor-element-faf6141 e-flex e-con-boxed e-con e-parent\" data-id=\"faf6141\" data-element_type=\"container\" data-e-type=\"container\">\n\t\t\t\t\t<div class=\"e-con-inner\">\n\t\t\t\t\t<\/div>\n\t\t\t\t<\/div>\n\t\t<div class=\"elementor-element elementor-element-be75cfe e-flex e-con-boxed e-con e-parent\" data-id=\"be75cfe\" data-element_type=\"container\" data-e-type=\"container\">\n\t\t\t\t\t<div class=\"e-con-inner\">\n\t\t\t\t\t<\/div>\n\t\t\t\t<\/div>\n\t\t<div class=\"elementor-element elementor-element-2a5c5a5 e-flex e-con-boxed e-con e-parent\" data-id=\"2a5c5a5\" data-element_type=\"container\" data-e-type=\"container\">\n\t\t\t\t\t<div class=\"e-con-inner\">\n\t\t\t\t\t<\/div>\n\t\t\t\t<\/div>\n\t\t\t\t<\/div>","protected":false},"excerpt":{"rendered":"<p>F\u00fcnfzehnter Doktor Weitere Doktoren auf Deutsch Neben den bekannten Haupt-Inkarnationen des Doktors gibt es auch weitere, die einen besonderen Status einnehmen. Dazu z\u00e4hlen Manifestationen der Pers\u00f6nlichkeit des Doktors, wie regul\u00e4re Inkarnationen der Figur, die aus anderen Gr\u00fcnden diese Sonderstellung innehaben. Hier werden nur die zus\u00e4tzlichen Inkarnationen des Doktors aufgelistet, die f\u00fcr die auf Deutsch verf\u00fcgbaren&#8230;<\/p>","protected":false},"author":1,"featured_media":0,"parent":0,"menu_order":0,"comment_status":"closed","ping_status":"closed","template":"","meta":{"_kad_post_transparent":"","_kad_post_title":"hide","_kad_post_layout":"fullwidth","_kad_post_sidebar_id":"","_kad_post_content_style":"unboxed","_kad_post_vertical_padding":"hide","_kad_post_feature":"hide","_kad_post_feature_position":"","_kad_post_header":false,"_kad_post_footer":false,"_kad_post_classname":"","footnotes":""},"class_list":["post-4419","page","type-page","status-publish","hentry"],"yoast_head":"<!-- This site is optimized with the Yoast SEO plugin v27.6 - https:\/\/yoast.com\/product\/yoast-seo-wordpress\/ -->\n<title>Weitere Doktoren auf Deutsch - Doctor Who Komplett<\/title>\n<meta name=\"description\" content=\"Doctor Who - Achter Doctor auf Deutsch. S\u00e4mtliche Abenteuer in serieller chronologischen Reihenfolge, sortierbar nach gew\u00fcnschtem Medium.\" \/>\n<meta name=\"robots\" content=\"index, follow, max-snippet:-1, max-image-preview:large, max-video-preview:-1\" \/>\n<link rel=\"canonical\" href=\"https:\/\/doctorwhokomplett.de\/en\/weitere-doktoren-auf-deutsch\/\" \/>\n<meta property=\"og:locale\" content=\"en_GB\" \/>\n<meta property=\"og:type\" content=\"article\" \/>\n<meta property=\"og:title\" content=\"Weitere Doktoren auf Deutsch - Doctor Who Komplett\" \/>\n<meta property=\"og:description\" content=\"Doctor Who - Achter Doctor auf Deutsch. S\u00e4mtliche Abenteuer in serieller chronologischen Reihenfolge, sortierbar nach gew\u00fcnschtem Medium.\" \/>\n<meta property=\"og:url\" content=\"https:\/\/doctorwhokomplett.de\/en\/weitere-doktoren-auf-deutsch\/\" \/>\n<meta property=\"og:site_name\" content=\"Doctor Who Komplett\" \/>\n<meta property=\"article:modified_time\" content=\"2025-01-12T15:41:48+00:00\" \/>\n<meta property=\"og:image\" content=\"https:\/\/doctorwhokomplett.de\/wp-content\/uploads\/2025\/01\/alt-doctors.jpg\" \/>\n\t<meta property=\"og:image:width\" content=\"2392\" \/>\n\t<meta property=\"og:image:height\" content=\"1345\" \/>\n\t<meta property=\"og:image:type\" content=\"image\/jpeg\" \/>\n<meta name=\"twitter:card\" content=\"summary_large_image\" \/>\n<meta name=\"twitter:label1\" content=\"Estimated reading time\" \/>\n\t<meta name=\"twitter:data1\" content=\"18 minutes\" \/>\n<script type=\"application\/ld+json\" class=\"yoast-schema-graph\">{\"@context\":\"https:\\\/\\\/schema.org\",\"@graph\":[{\"@type\":\"WebPage\",\"@id\":\"https:\\\/\\\/doctorwhokomplett.de\\\/weitere-doktoren-auf-deutsch\\\/\",\"url\":\"https:\\\/\\\/doctorwhokomplett.de\\\/weitere-doktoren-auf-deutsch\\\/\",\"name\":\"Weitere Doktoren auf Deutsch - Doctor Who Komplett\",\"isPartOf\":{\"@id\":\"https:\\\/\\\/doctorwhokomplett.de\\\/#website\"},\"primaryImageOfPage\":{\"@id\":\"https:\\\/\\\/doctorwhokomplett.de\\\/weitere-doktoren-auf-deutsch\\\/#primaryimage\"},\"image\":{\"@id\":\"https:\\\/\\\/doctorwhokomplett.de\\\/weitere-doktoren-auf-deutsch\\\/#primaryimage\"},\"thumbnailUrl\":\"https:\\\/\\\/doctorwhokomplett.de\\\/wp-content\\\/uploads\\\/2025\\\/01\\\/alt-doctors-1024x576.jpg\",\"datePublished\":\"2025-01-06T18:08:15+00:00\",\"dateModified\":\"2025-01-12T15:41:48+00:00\",\"description\":\"Doctor Who - Achter Doctor auf Deutsch. S\u00e4mtliche Abenteuer in serieller chronologischen Reihenfolge, sortierbar nach gew\u00fcnschtem Medium.\",\"breadcrumb\":{\"@id\":\"https:\\\/\\\/doctorwhokomplett.de\\\/weitere-doktoren-auf-deutsch\\\/#breadcrumb\"},\"inLanguage\":\"en-GB\",\"potentialAction\":[{\"@type\":\"ReadAction\",\"target\":[\"https:\\\/\\\/doctorwhokomplett.de\\\/weitere-doktoren-auf-deutsch\\\/\"]}]},{\"@type\":\"ImageObject\",\"inLanguage\":\"en-GB\",\"@id\":\"https:\\\/\\\/doctorwhokomplett.de\\\/weitere-doktoren-auf-deutsch\\\/#primaryimage\",\"url\":\"https:\\\/\\\/doctorwhokomplett.de\\\/wp-content\\\/uploads\\\/2025\\\/01\\\/alt-doctors-1024x576.jpg\",\"contentUrl\":\"https:\\\/\\\/doctorwhokomplett.de\\\/wp-content\\\/uploads\\\/2025\\\/01\\\/alt-doctors-1024x576.jpg\"},{\"@type\":\"BreadcrumbList\",\"@id\":\"https:\\\/\\\/doctorwhokomplett.de\\\/weitere-doktoren-auf-deutsch\\\/#breadcrumb\",\"itemListElement\":[{\"@type\":\"ListItem\",\"position\":1,\"name\":\"Startseite\",\"item\":\"https:\\\/\\\/doctorwhokomplett.de\\\/\"},{\"@type\":\"ListItem\",\"position\":2,\"name\":\"Weitere Doktoren auf Deutsch\"}]},{\"@type\":\"WebSite\",\"@id\":\"https:\\\/\\\/doctorwhokomplett.de\\\/#website\",\"url\":\"https:\\\/\\\/doctorwhokomplett.de\\\/\",\"name\":\"Doctor Who Komplett\",\"description\":\"Alle deutschen Abenteuer der SciFi-Serie\",\"publisher\":{\"@id\":\"https:\\\/\\\/doctorwhokomplett.de\\\/#organization\"},\"potentialAction\":[{\"@type\":\"SearchAction\",\"target\":{\"@type\":\"EntryPoint\",\"urlTemplate\":\"https:\\\/\\\/doctorwhokomplett.de\\\/?s={search_term_string}\"},\"query-input\":{\"@type\":\"PropertyValueSpecification\",\"valueRequired\":true,\"valueName\":\"search_term_string\"}}],\"inLanguage\":\"en-GB\"},{\"@type\":\"Organization\",\"@id\":\"https:\\\/\\\/doctorwhokomplett.de\\\/#organization\",\"name\":\"Doctor Who Komplett\",\"url\":\"https:\\\/\\\/doctorwhokomplett.de\\\/\",\"logo\":{\"@type\":\"ImageObject\",\"inLanguage\":\"en-GB\",\"@id\":\"https:\\\/\\\/doctorwhokomplett.de\\\/#\\\/schema\\\/logo\\\/image\\\/\",\"url\":\"https:\\\/\\\/doctorwhokomplett.de\\\/wp-content\\\/uploads\\\/2024\\\/01\\\/cropped-CELERY-MAN-2.png\",\"contentUrl\":\"https:\\\/\\\/doctorwhokomplett.de\\\/wp-content\\\/uploads\\\/2024\\\/01\\\/cropped-CELERY-MAN-2.png\",\"width\":512,\"height\":512,\"caption\":\"Doctor Who Komplett\"},\"image\":{\"@id\":\"https:\\\/\\\/doctorwhokomplett.de\\\/#\\\/schema\\\/logo\\\/image\\\/\"},\"sameAs\":[\"https:\\\/\\\/www.instagram.com\\\/doctorwhokomplett\\\/\"]}]}<\/script>\n<!-- \/ Yoast SEO plugin. -->","yoast_head_json":{"title":"Weitere Doktoren auf Deutsch - Doctor Who Komplett","description":"Doctor Who - Achter Doctor auf Deutsch. S\u00e4mtliche Abenteuer in serieller chronologischen Reihenfolge, sortierbar nach gew\u00fcnschtem Medium.","robots":{"index":"index","follow":"follow","max-snippet":"max-snippet:-1","max-image-preview":"max-image-preview:large","max-video-preview":"max-video-preview:-1"},"canonical":"https:\/\/doctorwhokomplett.de\/en\/weitere-doktoren-auf-deutsch\/","og_locale":"en_GB","og_type":"article","og_title":"Weitere Doktoren auf Deutsch - Doctor Who Komplett","og_description":"Doctor Who - Achter Doctor auf Deutsch. S\u00e4mtliche Abenteuer in serieller chronologischen Reihenfolge, sortierbar nach gew\u00fcnschtem Medium.","og_url":"https:\/\/doctorwhokomplett.de\/en\/weitere-doktoren-auf-deutsch\/","og_site_name":"Doctor Who Komplett","article_modified_time":"2025-01-12T15:41:48+00:00","og_image":[{"width":2392,"height":1345,"url":"https:\/\/doctorwhokomplett.de\/wp-content\/uploads\/2025\/01\/alt-doctors.jpg","type":"image\/jpeg"}],"twitter_card":"summary_large_image","twitter_misc":{"Estimated reading time":"18 minutes"},"schema":{"@context":"https:\/\/schema.org","@graph":[{"@type":"WebPage","@id":"https:\/\/doctorwhokomplett.de\/weitere-doktoren-auf-deutsch\/","url":"https:\/\/doctorwhokomplett.de\/weitere-doktoren-auf-deutsch\/","name":"Weitere Doktoren auf Deutsch - Doctor Who Komplett","isPartOf":{"@id":"https:\/\/doctorwhokomplett.de\/#website"},"primaryImageOfPage":{"@id":"https:\/\/doctorwhokomplett.de\/weitere-doktoren-auf-deutsch\/#primaryimage"},"image":{"@id":"https:\/\/doctorwhokomplett.de\/weitere-doktoren-auf-deutsch\/#primaryimage"},"thumbnailUrl":"https:\/\/doctorwhokomplett.de\/wp-content\/uploads\/2025\/01\/alt-doctors-1024x576.jpg","datePublished":"2025-01-06T18:08:15+00:00","dateModified":"2025-01-12T15:41:48+00:00","description":"Doctor Who - Achter Doctor auf Deutsch. S\u00e4mtliche Abenteuer in serieller chronologischen Reihenfolge, sortierbar nach gew\u00fcnschtem Medium.","breadcrumb":{"@id":"https:\/\/doctorwhokomplett.de\/weitere-doktoren-auf-deutsch\/#breadcrumb"},"inLanguage":"en-GB","potentialAction":[{"@type":"ReadAction","target":["https:\/\/doctorwhokomplett.de\/weitere-doktoren-auf-deutsch\/"]}]},{"@type":"ImageObject","inLanguage":"en-GB","@id":"https:\/\/doctorwhokomplett.de\/weitere-doktoren-auf-deutsch\/#primaryimage","url":"https:\/\/doctorwhokomplett.de\/wp-content\/uploads\/2025\/01\/alt-doctors-1024x576.jpg","contentUrl":"https:\/\/doctorwhokomplett.de\/wp-content\/uploads\/2025\/01\/alt-doctors-1024x576.jpg"},{"@type":"BreadcrumbList","@id":"https:\/\/doctorwhokomplett.de\/weitere-doktoren-auf-deutsch\/#breadcrumb","itemListElement":[{"@type":"ListItem","position":1,"name":"Startseite","item":"https:\/\/doctorwhokomplett.de\/"},{"@type":"ListItem","position":2,"name":"Weitere Doktoren auf Deutsch"}]},{"@type":"WebSite","@id":"https:\/\/doctorwhokomplett.de\/#website","url":"https:\/\/doctorwhokomplett.de\/","name":"Doctor Who Komplett","description":"All German adventures of the sci-fi series","publisher":{"@id":"https:\/\/doctorwhokomplett.de\/#organization"},"potentialAction":[{"@type":"SearchAction","target":{"@type":"EntryPoint","urlTemplate":"https:\/\/doctorwhokomplett.de\/?s={search_term_string}"},"query-input":{"@type":"PropertyValueSpecification","valueRequired":true,"valueName":"search_term_string"}}],"inLanguage":"en-GB"},{"@type":"Organization","@id":"https:\/\/doctorwhokomplett.de\/#organization","name":"Doctor Who Komplett","url":"https:\/\/doctorwhokomplett.de\/","logo":{"@type":"ImageObject","inLanguage":"en-GB","@id":"https:\/\/doctorwhokomplett.de\/#\/schema\/logo\/image\/","url":"https:\/\/doctorwhokomplett.de\/wp-content\/uploads\/2024\/01\/cropped-CELERY-MAN-2.png","contentUrl":"https:\/\/doctorwhokomplett.de\/wp-content\/uploads\/2024\/01\/cropped-CELERY-MAN-2.png","width":512,"height":512,"caption":"Doctor Who Komplett"},"image":{"@id":"https:\/\/doctorwhokomplett.de\/#\/schema\/logo\/image\/"},"sameAs":["https:\/\/www.instagram.com\/doctorwhokomplett\/"]}]}},"_links":{"self":[{"href":"https:\/\/doctorwhokomplett.de\/en\/wp-json\/wp\/v2\/pages\/4419","targetHints":{"allow":["GET"]}}],"collection":[{"href":"https:\/\/doctorwhokomplett.de\/en\/wp-json\/wp\/v2\/pages"}],"about":[{"href":"https:\/\/doctorwhokomplett.de\/en\/wp-json\/wp\/v2\/types\/page"}],"author":[{"embeddable":true,"href":"https:\/\/doctorwhokomplett.de\/en\/wp-json\/wp\/v2\/users\/1"}],"replies":[{"embeddable":true,"href":"https:\/\/doctorwhokomplett.de\/en\/wp-json\/wp\/v2\/comments?post=4419"}],"version-history":[{"count":179,"href":"https:\/\/doctorwhokomplett.de\/en\/wp-json\/wp\/v2\/pages\/4419\/revisions"}],"predecessor-version":[{"id":5995,"href":"https:\/\/doctorwhokomplett.de\/en\/wp-json\/wp\/v2\/pages\/4419\/revisions\/5995"}],"wp:attachment":[{"href":"https:\/\/doctorwhokomplett.de\/en\/wp-json\/wp\/v2\/media?parent=4419"}],"curies":[{"name":"wp","href":"https:\/\/api.w.org\/{rel}","templated":true}]}}